{"id":357,"date":"2018-12-14T14:58:43","date_gmt":"2018-12-14T13:58:43","guid":{"rendered":"http:\/\/yvelines-neurofeedback.fr\/?page_id=357"},"modified":"2025-10-30T10:26:52","modified_gmt":"2025-10-30T09:26:52","slug":"qui-suis-je","status":"publish","type":"page","link":"https:\/\/yvelines-neurofeedback.fr\/index.php\/me-contacter\/qui-suis-je\/","title":{"rendered":"QUI SUIS-JE?"},"content":{"rendered":"\n<p><\/p>\n\n\n<div class=\"wp-block-image\">\n<figure class=\"aligncenter is-resized\"><img loading=\"lazy\" decoding=\"async\" width=\"322\" height=\"293\" src=\"https:\/\/yvelines-neurofeedback.fr\/wp-content\/uploads\/2019\/09\/Moi.jpg\" alt=\"\" class=\"wp-image-693\" style=\"width:225px;height:205px\" srcset=\"https:\/\/yvelines-neurofeedback.fr\/wp-content\/uploads\/2019\/09\/Moi.jpg 322w, https:\/\/yvelines-neurofeedback.fr\/wp-content\/uploads\/2019\/09\/Moi-300x273.jpg 300w\" sizes=\"(max-width: 322px) 100vw, 322px\" \/><\/figure><\/div>\n\n\n<p><\/p>\n\n\n\n<p><\/p>\n\n\n\n<p>J&rsquo;ai exerc\u00e9, durant 10 ans, une double comp\u00e9tence en ing\u00e9nierie \u00e9lectronique-informatique et ressources humaines suite \u00e0 des \u00e9tudes approfondies en universit\u00e9.<\/p>\n\n\n\n<p>J&rsquo;ai travaill\u00e9 en cabinets de conseils pour de grandes industries fran\u00e7aise et \u00e9trang\u00e8re. Mon ancien m\u00e9tier m&rsquo;a beaucoup enrichie.<\/p>\n\n\n\n<p>Il y a quelques temps, j&rsquo;ai rencontr\u00e9 une praticienne en neurofeedback NeurOptimal\u00ae. A l&rsquo;\u00e9nonc\u00e9 de la m\u00e9thode, j&rsquo;ai tout de suite \u00e9t\u00e9 tr\u00e8s intrigu\u00e9e, int\u00e9ress\u00e9e et j&rsquo;ai voulu la tester.<\/p>\n\n\n\n<p>D&rsquo;un test, j&rsquo;ai fait plusieurs s\u00e9ances. Tr\u00e8s rapidement, j&rsquo;ai senti de nombreux changements. J&rsquo;ai ensuite constat\u00e9 que les bienfaits produisaient des effets tr\u00e8s positifs sur ma vie et celle de ma famille.<\/p>\n\n\n\n<p>C&rsquo;est donc assez naturellement et rapidement que mon exp\u00e9rience et ma confiance en la m\u00e9thode m&rsquo;ont conduite \u00e0 vouloir en faire mon m\u00e9tier afin d&rsquo;accompagner \u00e0 mon tour des personnes vers ce mieux-\u00eatre.<\/p>\n\n\n\n<p><\/p>\n\n\n<div class=\"wp-block-image\">\n<figure class=\"aligncenter size-large is-resized\"><img loading=\"lazy\" decoding=\"async\" width=\"1024\" height=\"1024\" src=\"https:\/\/yvelines-neurofeedback.fr\/wp-content\/uploads\/2022\/02\/DF_Cert_Stamp_ADVANCED-1024x1024.png\" alt=\"\" class=\"wp-image-735\" style=\"width:253px;height:253px\" srcset=\"https:\/\/yvelines-neurofeedback.fr\/wp-content\/uploads\/2022\/02\/DF_Cert_Stamp_ADVANCED-1024x1024.png 1024w, https:\/\/yvelines-neurofeedback.fr\/wp-content\/uploads\/2022\/02\/DF_Cert_Stamp_ADVANCED-300x300.png 300w, https:\/\/yvelines-neurofeedback.fr\/wp-content\/uploads\/2022\/02\/DF_Cert_Stamp_ADVANCED-150x150.png 150w, https:\/\/yvelines-neurofeedback.fr\/wp-content\/uploads\/2022\/02\/DF_Cert_Stamp_ADVANCED-768x768.png 768w, https:\/\/yvelines-neurofeedback.fr\/wp-content\/uploads\/2022\/02\/DF_Cert_Stamp_ADVANCED-1536x1536.png 1536w, https:\/\/yvelines-neurofeedback.fr\/wp-content\/uploads\/2022\/02\/DF_Cert_Stamp_ADVANCED-2048x2048.png 2048w\" sizes=\"(max-width: 1024px) 100vw, 1024px\" \/><\/figure><\/div>\n\n\n<p><\/p>\n\n\n\n<p>\u200bJe suis, depuis 2019, praticienne en psychoth\u00e9rapie, hypnose et certifi\u00e9e Zengar Institute Inc., titulaire du dipl\u00f4me de Advanced Trainer, et \u00e0 votre service afin de vous faire d\u00e9couvrir cette m\u00e9thode qui m\u2019a s\u00e9duite par son efficacit\u00e9 prouv\u00e9e et sa technologie performante.<\/p>\n\n\n<div class=\"wp-block-image is-style-default\">\n<figure class=\"alignright size-large is-resized\"><img loading=\"lazy\" decoding=\"async\" width=\"500\" height=\"500\" src=\"https:\/\/yvelines-neurofeedback.fr\/wp-content\/uploads\/2022\/11\/Logo-YNFB.jpg\" alt=\"\" class=\"wp-image-752\" style=\"width:167px;height:153px\" srcset=\"https:\/\/yvelines-neurofeedback.fr\/wp-content\/uploads\/2022\/11\/Logo-YNFB.jpg 500w, https:\/\/yvelines-neurofeedback.fr\/wp-content\/uploads\/2022\/11\/Logo-YNFB-300x300.jpg 300w, https:\/\/yvelines-neurofeedback.fr\/wp-content\/uploads\/2022\/11\/Logo-YNFB-150x150.jpg 150w\" sizes=\"(max-width: 500px) 100vw, 500px\" \/><\/figure><\/div>\n\n\n<p>&nbsp; <br><\/p>\n\n\n\n<p>&nbsp;<\/p>\n\n\n\n<p>&nbsp;<\/p>\n\n\n\n<p>&nbsp;&nbsp; <br><\/p>\n\n\n\n<div class=\"wp-block-button is-style-outline alignright\"><a class=\"wp-block-button__link has-pale-pink-color has-very-light-gray-background-color has-text-color has-background wp-element-button\" href=\"https:\/\/yvelines-neurofeedback.fr\/index.php\/me-contacter\/contact\/\">COORDONN\u00c9ES<\/a><\/div>\n","protected":false},"excerpt":{"rendered":"<p>J&rsquo;ai exerc\u00e9, durant 10 ans, une double comp\u00e9tence en ing\u00e9nierie \u00e9lectronique-informatique et ressources humaines suite \u00e0 des \u00e9tudes approfondies en universit\u00e9. J&rsquo;ai&hellip;<\/p>\n","protected":false},"author":1,"featured_media":0,"parent":194,"menu_order":1,"comment_status":"closed","ping_status":"closed","template":"","meta":{"footnotes":""},"_links":{"self":[{"href":"https:\/\/yvelines-neurofeedback.fr\/index.php\/wp-json\/wp\/v2\/pages\/357"}],"collection":[{"href":"https:\/\/yvelines-neurofeedback.fr\/index.php\/wp-json\/wp\/v2\/pages"}],"about":[{"href":"https:\/\/yvelines-neurofeedback.fr\/index.php\/wp-json\/wp\/v2\/types\/page"}],"author":[{"embeddable":true,"href":"https:\/\/yvelines-neurofeedback.fr\/index.php\/wp-json\/wp\/v2\/users\/1"}],"replies":[{"embeddable":true,"href":"https:\/\/yvelines-neurofeedback.fr\/index.php\/wp-json\/wp\/v2\/comments?post=357"}],"version-history":[{"count":19,"href":"https:\/\/yvelines-neurofeedback.fr\/index.php\/wp-json\/wp\/v2\/pages\/357\/revisions"}],"predecessor-version":[{"id":763,"href":"https:\/\/yvelines-neurofeedback.fr\/index.php\/wp-json\/wp\/v2\/pages\/357\/revisions\/763"}],"up":[{"embeddable":true,"href":"https:\/\/yvelines-neurofeedback.fr\/index.php\/wp-json\/wp\/v2\/pages\/194"}],"wp:attachment":[{"href":"https:\/\/yvelines-neurofeedback.fr\/index.php\/wp-json\/wp\/v2\/media?parent=357"}],"curies":[{"name":"wp","href":"https:\/\/api.w.org\/{rel}","templated":true}]}}