{"id":319,"date":"2018-12-14T13:30:15","date_gmt":"2018-12-14T12:30:15","guid":{"rendered":"http:\/\/yvelines-neurofeedback.fr\/?page_id=319"},"modified":"2019-01-18T13:21:20","modified_gmt":"2019-01-18T12:21:20","slug":"processus-de-changement","status":"publish","type":"page","link":"https:\/\/yvelines-neurofeedback.fr\/index.php\/le-neurofeedback\/processus-de-changement\/","title":{"rendered":"PROCESSUS DE CHANGEMENT"},"content":{"rendered":"\n<p><strong>Le Neurofeedback dynamique n\u2019est&nbsp;pas un traitement m\u00e9dical et ne se substitue pas \u00e0 une d\u00e9marche th\u00e9rapeutique. Cependant, par l\u2019effet de&nbsp;l\u2019autor\u00e9gulation du cerveau, ses effets b\u00e9n\u00e9fiques se ressentent dans des domaines tr\u00e8s diff\u00e9rents.&nbsp;Le Neurofeedback dynamique&nbsp;am\u00e9liore l\u2019\u00e9tat de sant\u00e9 physique, psychique, \u00e9motionnel.<\/strong><\/p>\n\n\n\n<div class=\"wp-block-image\"><figure class=\"aligncenter is-resized\"><img loading=\"lazy\" decoding=\"async\" src=\"https:\/\/yvelines-neurofeedback.fr\/wp-content\/uploads\/2019\/01\/Site15-1.jpg\" alt=\"\" class=\"wp-image-629\" width=\"500\" height=\"350\"\/><figcaption> <\/figcaption><\/figure><\/div>\n\n\n\n<p>De s\u00e9ance en s\u00e9ance, des changements apparaissent. Et ce sont parfois des changements diff\u00e9rents de ceux attendus\u2026<\/p>\n\n\n\n<p><strong>Le processus de transformation est impr\u00e9visible et propre \u00e0 chaque personne.<\/strong> Il peut se d\u00e9rouler de fa\u00e7on fluide et progressive, \u00e9tape par \u00e9tape, ou \u00e9voluer par paliers, avec des hauts et des bas.<\/p>\n\n\n\n<p>Parfois, certaines personnes ressentent des moments d\u2019inconfort, surtout dans les premi\u00e8res s\u00e9ances, mais ceux-ci ne durent pas. Ils peuvent appara\u00eetre comme une majoration transitoire des dysfonctionnements existants. Ils vont, par la suite, \u00eatre \u00ab\u00a0nettoy\u00e9s\u00a0\u00bb au fil des s\u00e9ances. Il faut laisser le temps au cerveau de se r\u00e9organiser lui-m\u00eame, \u00e0 son propre rythme et pers\u00e9v\u00e9rer !<\/p>\n\n\n\n<p><strong>Le r\u00f4le du praticien est d\u2019accompagner et de soutenir<\/strong> les b\u00e9n\u00e9ficiaires dans leur processus&nbsp;de transformation. Il les invite \u00e0 <strong>pr\u00eater attention aux signes de changements, aussi minimes soient-ils<\/strong>, qui interviennent entre les s\u00e9ances, dans tous leurs aspects : sommeil, humeur, prises de conscience, nouvelles sensations, changements de comportement, r\u00eaves, r\u00e9actions de l\u2019entourage,\u2026<\/p>\n\n\n\n<p><strong>Parfois, les b\u00e9n\u00e9ficiaires ne per\u00e7oivent pas ces am\u00e9liorations, car il est rare qu&rsquo;on pr\u00eate attention \u00e0 son propre  fonctionnement.<\/strong> Ou on oublie rapidement son \u00e9tat de sant\u00e9 originel, mentionn\u00e9 lors de la premi\u00e8re s\u00e9ance. Ou encore, on reste focalis\u00e9 sur un sympt\u00f4me sans parvenir \u00e0 s\u2019en d\u00e9tacher. Nous nous habituons vite \u00e0 l\u2019am\u00e9lioration, oubliant notre situation ant\u00e9rieure.<\/p>\n\n\n\n<p>Le praticien accompagne la verbalisation et souligne les changements observ\u00e9s pour permettre aux b\u00e9n\u00e9ficiaires une meilleure int\u00e9gration de&nbsp;leur processus de transformation.<\/p>\n\n\n\n<p>&nbsp;&nbsp; <br><\/p>\n\n\n\n<div class=\"wp-block-button alignright is-style-outline\"><a class=\"wp-block-button__link has-text-color has-pale-pink-color has-background has-very-light-gray-background-color\" href=\"https:\/\/yvelines-neurofeedback.fr\/index.php\/le-neurofeedback\/deontologie\/\">D\u00c9ONTOLOGIE<\/a><\/div>\n","protected":false},"excerpt":{"rendered":"<p>Le Neurofeedback dynamique n\u2019est&nbsp;pas un traitement m\u00e9dical et ne se substitue pas \u00e0 une d\u00e9marche th\u00e9rapeutique. Cependant, par l\u2019effet de&nbsp;l\u2019autor\u00e9gulation du cerveau,&hellip;<\/p>\n","protected":false},"author":1,"featured_media":0,"parent":193,"menu_order":4,"comment_status":"closed","ping_status":"closed","template":"","meta":{"footnotes":""},"_links":{"self":[{"href":"https:\/\/yvelines-neurofeedback.fr\/index.php\/wp-json\/wp\/v2\/pages\/319"}],"collection":[{"href":"https:\/\/yvelines-neurofeedback.fr\/index.php\/wp-json\/wp\/v2\/pages"}],"about":[{"href":"https:\/\/yvelines-neurofeedback.fr\/index.php\/wp-json\/wp\/v2\/types\/page"}],"author":[{"embeddable":true,"href":"https:\/\/yvelines-neurofeedback.fr\/index.php\/wp-json\/wp\/v2\/users\/1"}],"replies":[{"embeddable":true,"href":"https:\/\/yvelines-neurofeedback.fr\/index.php\/wp-json\/wp\/v2\/comments?post=319"}],"version-history":[{"count":8,"href":"https:\/\/yvelines-neurofeedback.fr\/index.php\/wp-json\/wp\/v2\/pages\/319\/revisions"}],"predecessor-version":[{"id":630,"href":"https:\/\/yvelines-neurofeedback.fr\/index.php\/wp-json\/wp\/v2\/pages\/319\/revisions\/630"}],"up":[{"embeddable":true,"href":"https:\/\/yvelines-neurofeedback.fr\/index.php\/wp-json\/wp\/v2\/pages\/193"}],"wp:attachment":[{"href":"https:\/\/yvelines-neurofeedback.fr\/index.php\/wp-json\/wp\/v2\/media?parent=319"}],"curies":[{"name":"wp","href":"https:\/\/api.w.org\/{rel}","templated":true}]}}