{"id":307,"date":"2018-12-14T14:19:44","date_gmt":"2018-12-14T13:19:44","guid":{"rendered":"http:\/\/yvelines-neurofeedback.fr\/?page_id=307"},"modified":"2019-01-09T13:05:49","modified_gmt":"2019-01-09T12:05:49","slug":"indications-et-benefices","status":"publish","type":"page","link":"https:\/\/yvelines-neurofeedback.fr\/index.php\/le-neurofeedback\/indications-et-benefices\/","title":{"rendered":"INDICATIONS ET B\u00c9N\u00c9FICES"},"content":{"rendered":"\n<div class=\"wp-block-image\"><figure class=\"aligncenter is-resized\"><img loading=\"lazy\" decoding=\"async\" src=\"https:\/\/yvelines-neurofeedback.fr\/wp-content\/uploads\/2018\/12\/Bulle-1.png\" alt=\"\" class=\"wp-image-309\" width=\"321\" height=\"326\" srcset=\"https:\/\/yvelines-neurofeedback.fr\/wp-content\/uploads\/2018\/12\/Bulle-1.png 413w, https:\/\/yvelines-neurofeedback.fr\/wp-content\/uploads\/2018\/12\/Bulle-1-296x300.png 296w\" sizes=\"(max-width: 321px) 100vw, 321px\" \/><\/figure><\/div>\n\n\n\n<p>&nbsp; <br><\/p>\n\n\n\n<p>Le Neurofeedback dynamique convient \u00e0 tous, par exemple :<\/p>\n\n\n\n<ul><li>aux b\u00e9b\u00e9s manifestant un manque d&rsquo;app\u00e9tit,<\/li><li>aux enfants ayant des troubles de l&rsquo;attention, du sommeil, hyperactifs, tendus,<\/li><li>aux futures mamans pour se relaxer, diminuer leurs tensions, ou faciliter les difficult\u00e9s inh\u00e9rentes \u00e0 leur grossesse,<\/li><li>aux personnes \u00e2g\u00e9es pour retrouver un meilleur \u00e9quilibre lors de leurs d\u00e9placements,<\/li><li>aux adolescents sujets aux angoisses, au manque de concentration,<\/li><li>aux adultes en qu\u00eate de solutions ou de transformation.<\/li><\/ul>\n\n\n\n<p>&nbsp;&nbsp; <br><\/p>\n\n\n\n<p>Le Neurofeedback est indiqu\u00e9 pour les probl\u00e8mes de d\u00e9s\u00e9quilibre du syst\u00e8me nerveux. Ils sont nombreux et incluent le spectre de l\u2019anxi\u00e9t\u00e9 et de la d\u00e9pression, les troubles de l\u2019attention, les troubles de comportement, les troubles du sommeil, le stress post-traumatique, les perturbations \u00e9motionnelles.<\/p>\n\n\n\n<p>Il peut \u00eatre aussi tr\u00e8s efficace pour les probl\u00e8mes organiques, tels que les crises d\u2019\u00e9pilepsie, le spectre de l\u2019autisme et la paralysie c\u00e9r\u00e9brale, la maladie de Parkinson, etc.<\/p>\n\n\n\n<p>Apr\u00e8s quelques s\u00e9ances, de nombreuses personnes constatent un soulagement de leurs sympt\u00f4mes, qu\u2019ils soient d\u2019ordre physiques, mentaux ou \u00e9motionnels.<\/p>\n\n\n\n<p>&nbsp; <br><\/p>\n\n\n\n<hr class=\"wp-block-separator\"\/>\n\n\n\n<p>&nbsp; <br><\/p>\n\n\n\n<div class=\"wp-block-columns has-2-columns is-layout-flex wp-container-core-columns-is-layout-1 wp-block-columns-is-layout-flex\">\n<div class=\"wp-block-column is-layout-flow wp-block-column-is-layout-flow\">\n<div class=\"wp-block-image\"><figure class=\"alignright is-resized\"><img loading=\"lazy\" decoding=\"async\" src=\"https:\/\/yvelines-neurofeedback.fr\/wp-content\/uploads\/2018\/12\/Troubles-Psycho-2.png\" alt=\"\" class=\"wp-image-310\" width=\"126\" height=\"129\"\/><\/figure><\/div>\n<\/div>\n\n\n\n<div class=\"wp-block-column is-layout-flow wp-block-column-is-layout-flow\">\n<p style=\"text-align:left\" class=\"has-medium-font-size\"><strong>TROUBLES C\u00c9R\u00c9BRAUX<\/strong><\/p>\n\n\n\n<ul><li>Accident Vasculaire C\u00e9r\u00e9bral (AVC)<\/li><li>Douleurs fant\u00f4mes<\/li><li>Parkinson<\/li><li>Alzheimer<\/li><li>Autisme \u2013 Syndrome d\u2019Asperger<\/li><li>Dystrophie<\/li><\/ul>\n<\/div>\n<\/div>\n\n\n\n<hr class=\"wp-block-separator is-style-default\"\/>\n\n\n\n<p>&nbsp; <br><\/p>\n\n\n\n<div class=\"wp-block-columns has-2-columns is-layout-flex wp-container-core-columns-is-layout-2 wp-block-columns-is-layout-flex\">\n<div class=\"wp-block-column is-layout-flow wp-block-column-is-layout-flow\">\n<p style=\"text-align:left\" class=\"has-medium-font-size\"><strong>TROUBLES DE L&rsquo;HUMEUR<\/strong><\/p>\n\n\n\n<ul><li>Angoisse, anxi\u00e9t\u00e9, stress<\/li><li>Phobies, \u00e9vitements phobiques<\/li><li>D\u00e9pression, Burn-out<\/li><li>Manque de confiance en soi<\/li><li>Crises de panique<\/li><li>Traumatismes, chocs psychologiques<\/li><li>\u00c9tat de Stress Post-Traumatique (ESPT)<\/li><\/ul>\n<\/div>\n\n\n\n<div class=\"wp-block-column is-layout-flow wp-block-column-is-layout-flow\">\n<figure class=\"wp-block-image is-resized\"><img loading=\"lazy\" decoding=\"async\" src=\"https:\/\/yvelines-neurofeedback.fr\/wp-content\/uploads\/2018\/12\/Troubles-Humeur.png\" alt=\"\" class=\"wp-image-311\" width=\"126\" height=\"129\"\/><\/figure>\n<\/div>\n<\/div>\n\n\n\n<hr class=\"wp-block-separator\"\/>\n\n\n\n<p>&nbsp;<\/p>\n\n\n\n<div class=\"wp-block-columns has-2-columns is-layout-flex wp-container-core-columns-is-layout-3 wp-block-columns-is-layout-flex\">\n<div class=\"wp-block-column is-layout-flow wp-block-column-is-layout-flow\">\n<div class=\"wp-block-image\"><figure class=\"alignright is-resized\"><img loading=\"lazy\" decoding=\"async\" src=\"https:\/\/yvelines-neurofeedback.fr\/wp-content\/uploads\/2018\/12\/Troubles-Comportement-1.png\" alt=\"\" class=\"wp-image-312\" width=\"125\" height=\"129\"\/><\/figure><\/div>\n<\/div>\n\n\n\n<div class=\"wp-block-column is-layout-flow wp-block-column-is-layout-flow\">\n<p class=\"has-medium-font-size\"><strong>TROUBLES DU COMPORTEMENT<\/strong><\/p>\n\n\n\n<ul><li>Col\u00e8res, irritabilit\u00e9, impulsivit\u00e9<\/li><li>Hyperactivit\u00e9<\/li><li>Agressivit\u00e9, violence verbale et\/ou physique<\/li><li>Burn-out<\/li><li>Addictions<\/li><li>Trouble du sommeil, insomnies<\/li><li>Troubles Obsessionnels Compulsifs (TOC)<\/li><li>Troubles de la m\u00e9moire \/ Concentration<\/li><li>Troubles envahissants du d\u00e9veloppement (TED)<\/li><li>Troubles du Comportement Alimentaire (TCA)<\/li><\/ul>\n<\/div>\n<\/div>\n\n\n\n<hr class=\"wp-block-separator\"\/>\n\n\n\n<p>&nbsp; <br><\/p>\n\n\n\n<div class=\"wp-block-columns has-2-columns is-layout-flex wp-container-core-columns-is-layout-4 wp-block-columns-is-layout-flex\">\n<div class=\"wp-block-column is-layout-flow wp-block-column-is-layout-flow\">\n<p class=\"has-medium-font-size\"><strong>TROUBLES COGNITIFS<\/strong><\/p>\n\n\n\n<ul><li>Difficult\u00e9s de m\u00e9morisation, de concentration, d&rsquo;apprentissage, du langage<\/li><li>D\u00e9sorganisation de la pens\u00e9e<\/li><li>Troubles DYS (Dyslexie&nbsp;\/ Dyspraxie \/ Dysphasie \/ Dyscalculie \/ Dysorthographie&#8230;)<\/li><li>Trouble du D\u00e9ficit d\u2019Attention avec ou sans Hyperactivit\u00e9 (TDAH)<\/li><\/ul>\n<\/div>\n\n\n\n<div class=\"wp-block-column is-layout-flow wp-block-column-is-layout-flow\">\n<figure class=\"wp-block-image is-resized\"><img loading=\"lazy\" decoding=\"async\" src=\"https:\/\/yvelines-neurofeedback.fr\/wp-content\/uploads\/2018\/12\/Troubles-Cognitifs-1.png\" alt=\"\" class=\"wp-image-313\" width=\"127\" height=\"130\"\/><\/figure>\n<\/div>\n<\/div>\n\n\n\n<hr class=\"wp-block-separator\"\/>\n\n\n\n<p>&nbsp;<\/p>\n\n\n\n<div class=\"wp-block-columns has-2-columns is-layout-flex wp-container-core-columns-is-layout-5 wp-block-columns-is-layout-flex\">\n<div class=\"wp-block-column is-layout-flow wp-block-column-is-layout-flow\">\n<div class=\"wp-block-image\"><figure class=\"alignright is-resized\"><img loading=\"lazy\" decoding=\"async\" src=\"https:\/\/yvelines-neurofeedback.fr\/wp-content\/uploads\/2018\/12\/Troubles-Physiologiques-1.png\" alt=\"\" class=\"wp-image-314\" width=\"125\" height=\"129\"\/><\/figure><\/div>\n<\/div>\n\n\n\n<div class=\"wp-block-column is-layout-flow wp-block-column-is-layout-flow\">\n<p class=\"has-medium-font-size\"><strong>TROUBLES PHYSIOLOGIQUES<\/strong><\/p>\n\n\n\n<ul><li>\u00c9pilepsie<\/li><li>Spasmophilie<\/li><li>Allergies &amp; Asthme<\/li><li>Migraines<\/li><li>Probl\u00e8mes de peau, ecz\u00e9ma et psoriasis<\/li><li>Douleurs et fatigues chroniques<\/li><li>Acouph\u00e8nes, vertiges<\/li><li>Syndrome des jambes sans repos<\/li><li>Bouff\u00e9es de chaleur<\/li><li>\u00c9nur\u00e9sie<\/li><\/ul>\n<\/div>\n<\/div>\n\n\n\n<hr class=\"wp-block-separator\"\/>\n\n\n\n<p>&nbsp; <br><\/p>\n\n\n\n<p>De plus, certains b\u00e9n\u00e9fices se font ressentir au fil des s\u00e9ances, tels que&nbsp;:<\/p>\n\n\n\n<ul><li>Augmentation de la conscience de soi<\/li><li>Meilleur \u00e9quilibre physiologique au repos<\/li><li>Meilleur sommeil<\/li><li>Am\u00e9lioration de la fonction immunitaire<\/li><li>R\u00e9duction des sympt\u00f4mes reli\u00e9s au stress<\/li><li>R\u00e9duction des sympt\u00f4mes de troubles fonctionnels<\/li><\/ul>\n\n\n\n<p>&nbsp;<\/p>\n\n\n\n<div class=\"wp-block-image\"><figure class=\"alignleft is-resized\"><img loading=\"lazy\" decoding=\"async\" src=\"https:\/\/yvelines-neurofeedback.fr\/wp-content\/uploads\/2018\/12\/1er-effets.png\" alt=\"\" class=\"wp-image-566\" width=\"497\" height=\"530\" srcset=\"https:\/\/yvelines-neurofeedback.fr\/wp-content\/uploads\/2018\/12\/1er-effets.png 786w, https:\/\/yvelines-neurofeedback.fr\/wp-content\/uploads\/2018\/12\/1er-effets-281x300.png 281w, https:\/\/yvelines-neurofeedback.fr\/wp-content\/uploads\/2018\/12\/1er-effets-768x819.png 768w, https:\/\/yvelines-neurofeedback.fr\/wp-content\/uploads\/2018\/12\/1er-effets-750x800.png 750w\" sizes=\"(max-width: 497px) 100vw, 497px\" \/><\/figure><\/div>\n\n\n\n<p>&nbsp; <br><\/p>\n\n\n\n<div class=\"wp-block-button alignright is-style-outline\"><a class=\"wp-block-button__link has-text-color has-pale-pink-color has-background has-very-light-gray-background-color\" href=\"https:\/\/yvelines-neurofeedback.fr\/index.php\/le-neurofeedback\/processus-de-changement\/\">PROCESSUS DE CHANGEMENT<br><\/a><\/div>\n","protected":false},"excerpt":{"rendered":"<p>&nbsp; Le Neurofeedback dynamique convient \u00e0 tous, par exemple : aux b\u00e9b\u00e9s manifestant un manque d&rsquo;app\u00e9tit, aux enfants ayant des troubles de&hellip;<\/p>\n","protected":false},"author":1,"featured_media":0,"parent":193,"menu_order":3,"comment_status":"closed","ping_status":"closed","template":"","meta":{"footnotes":""},"_links":{"self":[{"href":"https:\/\/yvelines-neurofeedback.fr\/index.php\/wp-json\/wp\/v2\/pages\/307"}],"collection":[{"href":"https:\/\/yvelines-neurofeedback.fr\/index.php\/wp-json\/wp\/v2\/pages"}],"about":[{"href":"https:\/\/yvelines-neurofeedback.fr\/index.php\/wp-json\/wp\/v2\/types\/page"}],"author":[{"embeddable":true,"href":"https:\/\/yvelines-neurofeedback.fr\/index.php\/wp-json\/wp\/v2\/users\/1"}],"replies":[{"embeddable":true,"href":"https:\/\/yvelines-neurofeedback.fr\/index.php\/wp-json\/wp\/v2\/comments?post=307"}],"version-history":[{"count":21,"href":"https:\/\/yvelines-neurofeedback.fr\/index.php\/wp-json\/wp\/v2\/pages\/307\/revisions"}],"predecessor-version":[{"id":591,"href":"https:\/\/yvelines-neurofeedback.fr\/index.php\/wp-json\/wp\/v2\/pages\/307\/revisions\/591"}],"up":[{"embeddable":true,"href":"https:\/\/yvelines-neurofeedback.fr\/index.php\/wp-json\/wp\/v2\/pages\/193"}],"wp:attachment":[{"href":"https:\/\/yvelines-neurofeedback.fr\/index.php\/wp-json\/wp\/v2\/media?parent=307"}],"curies":[{"name":"wp","href":"https:\/\/api.w.org\/{rel}","templated":true}]}}