{"id":303,"date":"2018-12-14T14:19:44","date_gmt":"2018-12-14T13:19:44","guid":{"rendered":"http:\/\/yvelines-neurofeedback.fr\/?page_id=303"},"modified":"2019-01-09T13:04:28","modified_gmt":"2019-01-09T12:04:28","slug":"la-technique","status":"publish","type":"page","link":"https:\/\/yvelines-neurofeedback.fr\/index.php\/le-neurofeedback\/la-technique\/","title":{"rendered":"LA TECHNIQUE"},"content":{"rendered":"\n<div class=\"wp-block-image\"><figure class=\"aligncenter\"><img loading=\"lazy\" decoding=\"async\" width=\"297\" height=\"222\" src=\"https:\/\/yvelines-neurofeedback.fr\/wp-content\/uploads\/2018\/12\/Mat\u00e9riel.jpg\" alt=\"\" class=\"wp-image-304\"\/><\/figure><\/div>\n\n\n\n<p>Le neurofeedback dynamique est une m\u00e9thode qui permet au cerveau <strong>d\u2019apprendre \u00e0 mieux se r\u00e9guler<\/strong>. Elle se pratique avec un \u00e9quipement mat\u00e9riel et logiciel.<\/p>\n\n\n\n<p><strong>L\u2019\u00e9quipement mat\u00e9riel<\/strong> est compos\u00e9 de <strong>capteurs<\/strong>, d\u2019un bo\u00eetier appel\u00e9 <strong>encodeur<\/strong>, d\u2019un \u00e9cran pour le patient et d\u2019un ordinateur portable. <\/p>\n\n\n\n<p><strong>La partie logicielle<\/strong> est install\u00e9e dans cet ordinateur et c\u2019est elle qui contient toute l\u2019expertise de la m\u00e9thode.<\/p>\n\n\n\n<p>Les capteurs sont pos\u00e9s sur le cr\u00e2ne du patient, un sur chaque h\u00e9misph\u00e8re et trois sur les oreilles. Ils mesurent l\u2019activit\u00e9 \u00e9lectrique du cerveau. Ils sont reli\u00e9s \u00e0 l\u2019encodeur qui amplifie le signal et le transforme en signal digital pour le rendre analysable par le logiciel sur l\u2019ordinateur, ceci 256 fois par seconde.<\/p>\n\n\n\n<p>Pendant la s\u00e9ance, le patient \u00e9coute de la musique ou regarde un film de son choix. De temps en temps, au moment opportun, une <strong>br\u00e8ve interruption du son<\/strong> est d\u00e9clench\u00e9e par le logiciel. C\u2019est cette interruption qui constitue le feedback.<\/p>\n\n\n\n<p>Cette interruption du son n\u2019a, en elle-m\u00eame, aucune signification. Le praticien qui \u00e9coute la m\u00eame musique ou regarde le m\u00eame film entend aussi les interruptions mais son cerveau ne per\u00e7oit en fait que des parasites qui n\u2019ont aucune cons\u00e9quence sur son propre cerveau. Mais pour le patient, cette interruption est significative car elle se produit syst\u00e9matiquement d\u00e8s l\u2019apparition d\u2019un changement brutal et rapide dans l\u2019activit\u00e9 \u00e9lectrique d\u2019une r\u00e9gion quelconque de son cerveau. <\/p>\n\n\n\n<p>Cette activit\u00e9 \u00e9lectrique importante provient en g\u00e9n\u00e9ral d\u2019une population de neurones trop faibles pour jouer leur r\u00f4le de r\u00e9gulateur.<\/p>\n\n\n\n<p>Un m\u00e9canisme de base pr\u00e9sent dans tout cerveau, appel\u00e9 \u00ab renforcement hebbien \u00bb, r\u00e9tablit l\u2019activit\u00e9 normale de cette population d\u00e9ficiente lorsque les deux \u00e9v\u00e9nements (forte activit\u00e9 \u00e9lectrique et perception d\u2019une interruption du son) se produisent syst\u00e9matiquement en m\u00eame temps. Pour ce cerveau seulement et pour cette population de neurones trop faibles uniquement, l\u2019interruption du son a une signification et donc une cons\u00e9quence sur le fonctionnement des neurones. <\/p>\n\n\n\n<p>Tout se passe \u00e0 l\u2019int\u00e9rieur du cerveau du patient. C\u2019est son propre fonctionnement, d\u00e9tect\u00e9 parles capteurs, qui d\u00e9clenche, par l\u2019interm\u00e9diaire des calculs du logiciel, l\u2019interruption du son que per\u00e7oit son syst\u00e8me auditif.<\/p>\n\n\n\n<p>Depuis l\u2019ann\u00e9e 2010, le syst\u00e8me est totalement automatique. Le praticien n\u2019a pas \u00e0 intervenir sur le logiciel pour faire la s\u00e9ance. La dur\u00e9e et le d\u00e9roulement de la s\u00e9ance standard (Regular) sont les m\u00eames pour tous, quels que soient l\u2019\u00e2ge ou les probl\u00e8mes de la personne. Aussi, aucun diagnostic pr\u00e9alable n\u2019est n\u00e9cessaire pour adapter un protocole. C\u2019est le cerveau du patient qui est l\u2019expert de son propre changement.<\/p>\n\n\n\n<p><strong>LES CAPTEURS NE SERVENT QU\u2019\u00c0 R\u00c9CUP\u00c9RER L\u2019ACTIVIT\u00c9 \u00c9LECTRIQUE. AUCUN COURANT \u00c9LECTRIQUE OU SIGNAL DE RETOUR N&rsquo;EST ENVOY\u00c9 AU CERVEAU.<\/strong><\/p>\n\n\n\n<div class=\"wp-block-image\"><figure class=\"aligncenter is-resized\"><img loading=\"lazy\" decoding=\"async\" src=\"https:\/\/yvelines-neurofeedback.fr\/wp-content\/uploads\/2018\/12\/NFB11.jpg\" alt=\"\" class=\"wp-image-305\" width=\"205\" height=\"161\"\/><figcaption>&nbsp;<\/figcaption><\/figure><\/div>\n\n\n\n<div class=\"wp-block-button alignright is-style-outline\"><a class=\"wp-block-button__link has-text-color has-pale-pink-color has-background has-very-light-gray-background-color\" href=\"https:\/\/yvelines-neurofeedback.fr\/index.php\/le-neurofeedback\/indications-et-benefices\/\">INDICATIONS ET B\u00c9N\u00c9FICES<br><\/a><\/div>\n","protected":false},"excerpt":{"rendered":"<p>Le neurofeedback dynamique est une m\u00e9thode qui permet au cerveau d\u2019apprendre \u00e0 mieux se r\u00e9guler. Elle se pratique avec un \u00e9quipement mat\u00e9riel&hellip;<\/p>\n","protected":false},"author":1,"featured_media":0,"parent":193,"menu_order":2,"comment_status":"closed","ping_status":"closed","template":"","meta":{"footnotes":""},"_links":{"self":[{"href":"https:\/\/yvelines-neurofeedback.fr\/index.php\/wp-json\/wp\/v2\/pages\/303"}],"collection":[{"href":"https:\/\/yvelines-neurofeedback.fr\/index.php\/wp-json\/wp\/v2\/pages"}],"about":[{"href":"https:\/\/yvelines-neurofeedback.fr\/index.php\/wp-json\/wp\/v2\/types\/page"}],"author":[{"embeddable":true,"href":"https:\/\/yvelines-neurofeedback.fr\/index.php\/wp-json\/wp\/v2\/users\/1"}],"replies":[{"embeddable":true,"href":"https:\/\/yvelines-neurofeedback.fr\/index.php\/wp-json\/wp\/v2\/comments?post=303"}],"version-history":[{"count":4,"href":"https:\/\/yvelines-neurofeedback.fr\/index.php\/wp-json\/wp\/v2\/pages\/303\/revisions"}],"predecessor-version":[{"id":590,"href":"https:\/\/yvelines-neurofeedback.fr\/index.php\/wp-json\/wp\/v2\/pages\/303\/revisions\/590"}],"up":[{"embeddable":true,"href":"https:\/\/yvelines-neurofeedback.fr\/index.php\/wp-json\/wp\/v2\/pages\/193"}],"wp:attachment":[{"href":"https:\/\/yvelines-neurofeedback.fr\/index.php\/wp-json\/wp\/v2\/media?parent=303"}],"curies":[{"name":"wp","href":"https:\/\/api.w.org\/{rel}","templated":true}]}}