{"id":293,"date":"2018-12-14T12:38:08","date_gmt":"2018-12-14T11:38:08","guid":{"rendered":"http:\/\/yvelines-neurofeedback.fr\/?page_id=293"},"modified":"2019-01-09T16:04:36","modified_gmt":"2019-01-09T15:04:36","slug":"deroulement-d-une-seance","status":"publish","type":"page","link":"https:\/\/yvelines-neurofeedback.fr\/index.php\/le-deroulement-des-seances\/deroulement-d-une-seance\/","title":{"rendered":"D\u00c9ROULEMENT D&rsquo;UNE S\u00c9ANCE"},"content":{"rendered":"\n<div class=\"wp-block-image\"><figure class=\"aligncenter is-resized\"><img loading=\"lazy\" decoding=\"async\" src=\"https:\/\/yvelines-neurofeedback.fr\/wp-content\/uploads\/2018\/12\/D\u00e9roulement-de-s\u00e9ance.png\" alt=\"\" class=\"wp-image-216\" width=\"340\" height=\"323\" srcset=\"https:\/\/yvelines-neurofeedback.fr\/wp-content\/uploads\/2018\/12\/D\u00e9roulement-de-s\u00e9ance.png 454w, https:\/\/yvelines-neurofeedback.fr\/wp-content\/uploads\/2018\/12\/D\u00e9roulement-de-s\u00e9ance-300x285.png 300w\" sizes=\"(max-width: 340px) 100vw, 340px\" \/><figcaption>&nbsp;<\/figcaption><\/figure><\/div>\n\n\n\n<p>Vous \u00eates install\u00e9 <strong>confortablement<\/strong> dans un fauteuil, devant un \u00e9cran. Vous \u00e9coutez une musique ou vous regardez un film (ou un dessin anim\u00e9 pour les plus jeunes). <\/p>\n\n\n\n<p>Il n\u2019y a pas d\u2019effort \u00e0 faire, ni concentration ou contr\u00f4le particulier\u2026 au contraire vous passez un bon moment, en mode non cognitif, pendant que votre cerveau se transforme et adopte un fonctionnement plus souple et mieux adapt\u00e9.<\/p>\n\n\n\n<p><\/p>\n\n\n\n<div class=\"wp-block-image\"><figure class=\"aligncenter is-resized\"><img loading=\"lazy\" decoding=\"async\" src=\"https:\/\/yvelines-neurofeedback.fr\/wp-content\/uploads\/2018\/12\/Mat\u00e9riel2.jpg\" alt=\"\" class=\"wp-image-415\" width=\"384\" height=\"215\" srcset=\"https:\/\/yvelines-neurofeedback.fr\/wp-content\/uploads\/2018\/12\/Mat\u00e9riel2.jpg 768w, https:\/\/yvelines-neurofeedback.fr\/wp-content\/uploads\/2018\/12\/Mat\u00e9riel2-300x168.jpg 300w\" sizes=\"(max-width: 384px) 100vw, 384px\" \/><figcaption>&nbsp;<\/figcaption><\/figure><\/div>\n\n\n\n<p>Comment se passe <strong>concr\u00e8tement<\/strong> votre s\u00e9ance ?<\/p>\n\n\n\n<p>Des capteurs pos\u00e9s sur votre cr\u00e2ne mesurent l\u2019activit\u00e9 \u00e9lectrique de votre cerveau pendant la s\u00e9ance et envoient&nbsp; les informations au syst\u00e8me Neuroptimal\u00ae.<\/p>\n\n\n\n<p>Le syst\u00e8me NeurOptimal\u00ae les analyse et renvoie en temps r\u00e9el \u00e0 votre cerveau un retour sur son <strong>propre fonctionnement<\/strong>.<\/p>\n\n\n\n<p>Ainsi \u00e0 chaque variabilit\u00e9 d\u2019activit\u00e9 autrement appel\u00e9e \u00ab\u00a0turbulence\u00a0\u00bb, une br\u00e8ve interruption de son intervient et est capt\u00e9e par l\u2019oreille, c\u2019est ce m\u00e9canisme qui aide votre cerveau \u00e0 se r\u00e9organiser.<\/p>\n\n\n\n<p>Ce n\u2019est ni un ordre, ni une stimulation, c\u2019est un retour d\u2019information que votre cerveau va prendre&nbsp;en compte pour se r\u00e9organiser de lui-m\u00eame et ainsi mieux fonctionner, pour vous apporter <strong>apaisement<\/strong>, <strong>mieux \u00eatre<\/strong>, plus de <strong>confiance&nbsp;<\/strong>en vous, un regain <strong>d\u2019\u00e9nergie<\/strong>, <strong>d\u2019optimisme<\/strong>, de projection vers l\u2019avenir, un meilleur <strong>sommeil<\/strong>\u2026 en un mot une <strong>meilleure qualit\u00e9 de vie<\/strong>.<\/p>\n\n\n\n<p>Une s\u00e9ance dure en moyenne 50 minutes, comprenant 33 minutes d\u2019entrainement effectif, ce qui correspond \u00e0 dur\u00e9e optimale d\u2019entra\u00eenement du cerveau avec Neuroptimal\u00ae.<\/p>\n\n\n\n<p>Concernant la premi\u00e8re s\u00e9ance, il faut compter 1h30 environ. Ce temps est n\u00e9cessaire afin de:<\/p>\n\n\n\n<ul><li>Faire connaissance et d\u00e9terminer vos objectifs ; <\/li><li>Vous exposer les principes du neurofeedback et les sp\u00e9cificit\u00e9s de Neuroptimal\u00ae afin que vous compreniez ce qu\u2019il se passe lors des s\u00e9ances ;<\/li><li>R\u00e9pondre \u00e0 vos questions ;<\/li><li>Effectuer votre premi\u00e8re s\u00e9ance de 33 minutes. <\/li><\/ul>\n\n\n\n<p>&nbsp;&nbsp; <br><\/p>\n\n\n\n<div class=\"wp-block-button alignright is-style-outline\"><a class=\"wp-block-button__link has-text-color has-pale-pink-color has-background has-very-light-gray-background-color\" href=\"https:\/\/yvelines-neurofeedback.fr\/index.php\/le-deroulement-des-seances\/les-tarifs\/\">TARIFS<\/a><\/div>\n","protected":false},"excerpt":{"rendered":"<p>Vous \u00eates install\u00e9 confortablement dans un fauteuil, devant un \u00e9cran. Vous \u00e9coutez une musique ou vous regardez un film (ou un dessin&hellip;<\/p>\n","protected":false},"author":1,"featured_media":0,"parent":192,"menu_order":1,"comment_status":"closed","ping_status":"closed","template":"","meta":{"footnotes":""},"_links":{"self":[{"href":"https:\/\/yvelines-neurofeedback.fr\/index.php\/wp-json\/wp\/v2\/pages\/293"}],"collection":[{"href":"https:\/\/yvelines-neurofeedback.fr\/index.php\/wp-json\/wp\/v2\/pages"}],"about":[{"href":"https:\/\/yvelines-neurofeedback.fr\/index.php\/wp-json\/wp\/v2\/types\/page"}],"author":[{"embeddable":true,"href":"https:\/\/yvelines-neurofeedback.fr\/index.php\/wp-json\/wp\/v2\/users\/1"}],"replies":[{"embeddable":true,"href":"https:\/\/yvelines-neurofeedback.fr\/index.php\/wp-json\/wp\/v2\/comments?post=293"}],"version-history":[{"count":13,"href":"https:\/\/yvelines-neurofeedback.fr\/index.php\/wp-json\/wp\/v2\/pages\/293\/revisions"}],"predecessor-version":[{"id":691,"href":"https:\/\/yvelines-neurofeedback.fr\/index.php\/wp-json\/wp\/v2\/pages\/293\/revisions\/691"}],"up":[{"embeddable":true,"href":"https:\/\/yvelines-neurofeedback.fr\/index.php\/wp-json\/wp\/v2\/pages\/192"}],"wp:attachment":[{"href":"https:\/\/yvelines-neurofeedback.fr\/index.php\/wp-json\/wp\/v2\/media?parent=293"}],"curies":[{"name":"wp","href":"https:\/\/api.w.org\/{rel}","templated":true}]}}