{"id":275,"date":"2018-12-14T10:07:49","date_gmt":"2018-12-14T09:07:49","guid":{"rendered":"http:\/\/yvelines-neurofeedback.fr\/?page_id=275"},"modified":"2019-10-24T18:12:27","modified_gmt":"2019-10-24T16:12:27","slug":"la-duree","status":"publish","type":"page","link":"https:\/\/yvelines-neurofeedback.fr\/index.php\/le-deroulement-des-seances\/la-duree\/","title":{"rendered":"DUR\u00c9E"},"content":{"rendered":"\n<div class=\"wp-block-image\"><figure class=\"aligncenter is-resized\"><img loading=\"lazy\" decoding=\"async\" src=\"https:\/\/yvelines-neurofeedback.fr\/wp-content\/uploads\/2018\/12\/NFB17.png\" alt=\"\" class=\"wp-image-273\" width=\"443\" height=\"256\" srcset=\"https:\/\/yvelines-neurofeedback.fr\/wp-content\/uploads\/2018\/12\/NFB17.png 590w, https:\/\/yvelines-neurofeedback.fr\/wp-content\/uploads\/2018\/12\/NFB17-300x173.png 300w\" sizes=\"(max-width: 443px) 100vw, 443px\" \/><figcaption>&nbsp;<\/figcaption><\/figure><\/div>\n\n\n\n<p>Si un minimum de s\u00e9ances est utile au cerveau&nbsp;pour <strong>consolider<\/strong> les acquis et rendre <strong>durable&nbsp;<\/strong>les <strong>b\u00e9n\u00e9fices<\/strong> du neurofeedback dynamique,&nbsp;le nombre de s\u00e9ances n\u00e9cessaire \u00e0 chaque personne ne peut pas&nbsp;\u00eatre connu&nbsp;\u00e0&nbsp;l\u2019avance.<\/p>\n\n\n\n<p>Pour d\u00e9marrer il est pr\u00e9conis\u00e9 de r\u00e9aliser les premi\u00e8res s\u00e9ances de mani\u00e8re rapproch\u00e9e, id\u00e9alement \u00e0 un rythme hebdomadaire, jusqu\u2019\u00e0 l\u2019apparition des premiers <strong>effets b\u00e9n\u00e9fiques<\/strong>.<\/p>\n\n\n\n<p><strong>Chacun d\u00e9cide de la poursuite ou de l\u2019arr\u00eat des s\u00e9ances en fonction de son adh\u00e9sion \u00e0 la m\u00e9thode mais surtout de ses propres ressentis et am\u00e9liorations.<\/strong><\/p>\n\n\n\n<p>Aucune contre-indication, aucune incompatibilit\u00e9 avec d\u2019autres pratiques\u2026 chacun peut choisir parmi les diff\u00e9rentes m\u00e9thodes \u00e0 disposition celles lui correspond le mieux.<\/p>\n\n\n\n<p>&nbsp; <br><\/p>\n\n\n\n<div class=\"wp-block-button alignright is-style-outline\"><a class=\"wp-block-button__link has-text-color has-pale-pink-color has-background has-very-light-gray-background-color\" href=\"https:\/\/yvelines-neurofeedback.fr\/index.php\/me-contacter\/qui-suis-je\/\">QUI SUIS-JE ?<\/a><\/div>\n","protected":false},"excerpt":{"rendered":"<p>Si un minimum de s\u00e9ances est utile au cerveau&nbsp;pour consolider les acquis et rendre durable&nbsp;les b\u00e9n\u00e9fices du neurofeedback dynamique,&nbsp;le nombre de s\u00e9ances&hellip;<\/p>\n","protected":false},"author":1,"featured_media":0,"parent":192,"menu_order":3,"comment_status":"closed","ping_status":"closed","template":"","meta":{"footnotes":""},"_links":{"self":[{"href":"https:\/\/yvelines-neurofeedback.fr\/index.php\/wp-json\/wp\/v2\/pages\/275"}],"collection":[{"href":"https:\/\/yvelines-neurofeedback.fr\/index.php\/wp-json\/wp\/v2\/pages"}],"about":[{"href":"https:\/\/yvelines-neurofeedback.fr\/index.php\/wp-json\/wp\/v2\/types\/page"}],"author":[{"embeddable":true,"href":"https:\/\/yvelines-neurofeedback.fr\/index.php\/wp-json\/wp\/v2\/users\/1"}],"replies":[{"embeddable":true,"href":"https:\/\/yvelines-neurofeedback.fr\/index.php\/wp-json\/wp\/v2\/comments?post=275"}],"version-history":[{"count":9,"href":"https:\/\/yvelines-neurofeedback.fr\/index.php\/wp-json\/wp\/v2\/pages\/275\/revisions"}],"predecessor-version":[{"id":703,"href":"https:\/\/yvelines-neurofeedback.fr\/index.php\/wp-json\/wp\/v2\/pages\/275\/revisions\/703"}],"up":[{"embeddable":true,"href":"https:\/\/yvelines-neurofeedback.fr\/index.php\/wp-json\/wp\/v2\/pages\/192"}],"wp:attachment":[{"href":"https:\/\/yvelines-neurofeedback.fr\/index.php\/wp-json\/wp\/v2\/media?parent=275"}],"curies":[{"name":"wp","href":"https:\/\/api.w.org\/{rel}","templated":true}]}}